{"id":34179,"date":"2021-01-19T10:30:42","date_gmt":"2021-01-19T18:30:42","guid":{"rendered":"https:\/\/www.maxcashtitleloans.com\/?page_id=34179"},"modified":"2021-01-19T10:36:56","modified_gmt":"2021-01-19T18:36:56","slug":"ponerse-en-contacto","status":"publish","type":"page","link":"https:\/\/staging.dev02.maxcashtitleloans.com\/es\/ponerse-en-contacto\/","title":{"rendered":"Ponerse en contacto"},"content":{"rendered":"\n<div class=\"contactMax CashSectionWrap\">\n\t<div class=\"container\">\n\t\t<div class=\"row\">\n\t\t\t<div class=\"col-12  mb-5\">\n\t\t\t\t<div class=\"headingTeaser\">\n\t\t\t\t\t<h2 class=\"heading\">Contactar Max Cash<\/h2>\n\t\t\t\t<\/div>\n\t\t\t<\/div>\n\n\t\t\t<div class=\"GetinTouchWrap col-12\">\n\t\t\t\t<div class=\"row\">\n\t\t\t\t\t<div class=\"col-12\">\n\t\t\t\t\t\t<h3 class=\"heading\"><img src=\"https:\/\/www.maxcashtitleloans.com\/wp-content\/uploads\/2020\/08\/question.png\" alt=\"Question Icon\" class=\"mr_20\"> Ponerse en contacto<\/h3>\n\t\t\t\t\t\t<p>Tenemos nuestro equipo de asistencia para pr\u00e9stamos disponible los 7 d\u00edas de la semana (\u00a1as\u00ed es! Incluso los domingos), para asegurarnos de que pueda encontrar la ayuda que necesita.\n<\/p>\n\n\n\t\t\t\t\t\t<div class=\"row sml-scr-row\">\n\t\t\t\t\t\t\t<div class=\"col-sm-auto pr-sm-0\">\n\t\t\t\t\t\t\t\t<div class=\"callBtnWrap orangeGlow\">\n\t\t\t\t\t\t\t\t\t<a href=\"tel:+18555615626\" class=\"btn applyBtn orangeGrdBg thickRounded medOrngbtn\">Llamanos <\/a>\n\t\t\t\t\t\t\t\t<\/div>\n\t\t\t\t\t\t\t<\/div>\n\t\t\t\t\t\t\t<div class=\"col-sm-auto mt-md-0 mt-4\">\n\t\t\t\t\t\t\t\t<a href=\"mailto:info@maxcashtitleloans.com\" class=\"btn whiteBg thickRounded msgbtn\">Mandanos mensaje<\/a>\n\t\t\t\t\t\t\t<\/div>\n\t\t\t\t\t\t<\/div>\n\t\t\t\t\t<\/div>\n\t\t\t\t<\/div>\n\t\t\t<\/div>\n\n\n\t\t\t<!-- start of contact info -->\n\n\t\t\t<div class=\"info-ChatWrap col-12\">\n\t\t\t\t<div class=\"row m-0\">\n\n\t\t\t\t\t<div class=\"col-md-6 col-12 infoWrap\">\n\t\t\t\t\t\t<h5 class=\"heading mainHeading\">Informaci\u00f3n de contacto:<\/h5>\n\t\t\t\t\t\t<div class=\"linkWrap\">\n\t\t\t\t\t\t\t<a href=\"tel:+18555615626\">\n\t\t\t\t\t\t\t\t<i class=\"iconWrap\">\n\t\t\t\t\t\t\t\t\t<img src=\"https:\/\/www.maxcashtitleloans.com\/wp-content\/uploads\/2020\/08\/phone-2.png\" alt=\"Phone Icon\">\n\t\t\t\t\t\t\t\t<\/i>\n\t\t\t\t\t\t\t\t<span>(855) 561-5626<\/span>\n\t\t\t\t\t\t\t<\/a>\n\t\t\t\t\t\t<\/div>\n\t\t\t\t\t\t<div class=\"linkWrap\">\n\t\t\t\t\t\t\t<a href=\"mailto:info@maxcashtitleloans.com\">\n\t\t\t\t\t\t\t\t<i class=\"iconWrap\">\n\t\t\t\t\t\t\t\t\t<img src=\"https:\/\/www.maxcashtitleloans.com\/wp-content\/uploads\/2020\/08\/email.png\" alt=\"Email Icon\">\n\t\t\t\t\t\t\t\t<\/i>\n\t\t\t\t\t\t\t\t<span>info@maxcashtitleloans.com<\/span>\n\t\t\t\t\t\t\t<\/a>\n\t\t\t\t\t\t<\/div>\n\n\t\t\t\t\t\t<h6 class=\"heading subHeading my-3\">Administraci\u00f3n:<\/h6>\n\n\t\t\t\t\t\t<div class=\"mb-2\">\n\t\t\t\t\t\t\t<a href=\"tel:+14804983337\">(480) 498-3337<\/a>\n\t\t\t\t\t\t<\/div>\n\t\t\t\t\t\t<div class=\"mb-2\">\n\t\t\t\t\t\t\t<a href=\"tel:+14804983940\">(480) 498-3940<\/a>\n\t\t\t\t\t\t<\/div>\n\n\t\t\t\t\t\t<h6 class=\"heading subHeading my-3\">Correo electr\u00f3nico del procesador de pr\u00e9stamos:<\/h6>\n\n\t\t\t\t\t\t<a href=\"mailto:reps@maxcash.com\">\n\t\t\t\t\t\t\t<span>reps@maxcash.com<\/span>\n\t\t\t\t\t\t<\/a>\n\t\t\t\t\t<\/div>\n\t\t\t\t\t<div class=\"col-md-5 col-12 chatWrap ml-md-5\">\n\n\t\t\t\t\t\t<h5 class=\"heading mainHeading\">Chat en vivo <\/h5>\n\t\t\t\t\t\t<p>Chatee en l\u00ednea directamente con un procesador de pr\u00e9stamos<\/p>\n\t\t\t\t\t\t<div class=\"\">\n\t\t\t\t\t\t\t<a href=\"http:\/\/chat.loans\/\" class=\"btn whiteBg thickRounded msgbtn\">\n\t\t\t\t\t\t\t\t<span>Empieza chat<\/span>\n\t\t\t\t\t\t\t\t<i class=\"fas fa-arrow-right\"><\/i>\n\t\t\t\t\t\t\t<\/a>\n\t\t\t\t\t\t<\/div>\n\t\t\t\t\t<\/div>\n\n\n\t\t\t\t<\/div>\n\t\t\t<\/div>\n\n\t\t\t<!-- end of contact info -->\n\n\n\t\t\t<div class=\"mapWrap col-12 p-0\">\n\n\t\t\t\t<div class=\"\">\n\t\t\t\t\t<h4 class=\"heading\">Nuestra oficina corporativa:<\/h4>\n\t\t\t\t<\/div>\n<p class=\"mb-0\">Tradition Media Group, LLC<\/p>\n<p class=\"mb-0\">dba. Max Cash Title Loans<\/p>\n<p class=\"mb-0\">5870 Hwy 6 N Suite 204<\/p>\n<p>Houston, TX 77084<\/p>\n\t\t\t\t<iframe loading=\"lazy\" src=\"https:\/\/www.google.com\/maps\/embed?pb=!1m18!1m12!1m3!1d2498.0412382961326!2d-95.64605347858821!3d29.862531169607692!2m3!1f0!2f0!3f0!3m2!1i1024!2i768!4f13.1!3m3!1m2!1s0x8640d0ad1efa34cd%3A0x187f4f266dab79dd!2s5870%20Hwy%206%20N%20%23204%2C%20Houston%2C%20TX%2077084%2C%20USA!5e0!3m2!1sen!2s!4v1605552455981!5m2!1sen!2s\" width=\"100%\" height=\"450\" frameborder=\"0\" style=\"border:0;\" allowfullscreen=\"\" aria-hidden=\"false\" tabindex=\"0\"><\/iframe>\n\t\t\t\t<img class=\"galleryImg\" src=\"https:\/\/www.maxcashtitleloans.com\/wp-content\/uploads\/2020\/08\/picturemessage_r4gkdrvd.obq_.png\" alt=\"TMG Loan Processing Office Picture\">\n\n\t\t\t<\/div>\n\n\n\n\t\t<\/div>\n\t<\/div>\n<\/div>\n\n\n\n<p><\/p>\n","protected":false},"excerpt":{"rendered":"<p>Contactar Max Cash Ponerse en contacto Tenemos nuestro equipo de asistencia para pr\u00e9stamos disponible los 7 d\u00edas de la semana (\u00a1as\u00ed es! Incluso los domingos), para asegurarnos de que pueda encontrar la ayuda que necesita. Llamanos Mandanos mensaje Informaci\u00f3n de contacto: (855) 561-5626 info@maxcashtitleloans.com Administraci\u00f3n: (480) 498-3337 (480) 498-3940 Correo electr\u00f3nico del procesador de pr\u00e9stamos:\u2026 <a class=\"readMoreLink\" href=\"https:\/\/staging.dev02.maxcashtitleloans.com\/es\/ponerse-en-contacto\/\">Leer m\u00e1s<\/a><\/p>\n","protected":false},"author":32,"featured_media":0,"parent":0,"menu_order":0,"comment_status":"open","ping_status":"open","template":"content-with-sidebar.php","meta":{"ub_ctt_via":""},"featured_image_src":null,"yoast_head":"<!-- This site is optimized with the Yoast SEO plugin v15.7 - https:\/\/yoast.com\/wordpress\/plugins\/seo\/ -->\n<title>Ponerse en contacto - Max Cash<\/title>\n<meta name=\"robots\" content=\"index, follow, max-snippet:-1, max-image-preview:large, max-video-preview:-1\" \/>\n<link rel=\"canonical\" href=\"https:\/\/staging.dev02.maxcashtitleloans.com\/es\/ponerse-en-contacto\/\" \/>\n<meta property=\"og:locale\" content=\"es_ES\" \/>\n<meta property=\"og:type\" content=\"article\" \/>\n<meta property=\"og:title\" content=\"Ponerse en contacto - Max Cash\" \/>\n<meta property=\"og:description\" content=\"Contactar Max Cash Ponerse en contacto Tenemos nuestro equipo de asistencia para pr\u00e9stamos disponible los 7 d\u00edas de la semana (\u00a1as\u00ed es! Incluso los domingos), para asegurarnos de que pueda encontrar la ayuda que necesita. Llamanos Mandanos mensaje Informaci\u00f3n de contacto: (855) 561-5626 info@maxcashtitleloans.com Administraci\u00f3n: (480) 498-3337 (480) 498-3940 Correo electr\u00f3nico del procesador de pr\u00e9stamos:\u2026 Leer m\u00e1s\" \/>\n<meta property=\"og:url\" content=\"https:\/\/staging.dev02.maxcashtitleloans.com\/es\/ponerse-en-contacto\/\" \/>\n<meta property=\"og:site_name\" content=\"Max Cash\" \/>\n<meta property=\"article:publisher\" content=\"https:\/\/www.facebook.com\/maxcashtitleloans\/\" \/>\n<meta property=\"article:modified_time\" content=\"2021-01-19T18:36:56+00:00\" \/>\n<meta property=\"og:image\" content=\"https:\/\/www.maxcashtitleloans.com\/wp-content\/uploads\/2020\/08\/question.png\" \/>\n<meta name=\"twitter:label1\" content=\"Tiempo de lectura\">\n\t<meta name=\"twitter:data1\" content=\"2 minutos\">\n<script type=\"application\/ld+json\" class=\"yoast-schema-graph\">{\"@context\":\"https:\/\/schema.org\",\"@graph\":[{\"@type\":\"Organization\",\"@id\":\"https:\/\/www.maxcashtitleloans.com\/#organization\",\"name\":\"Tradition Media Group, LLC DBA Max Cash Title Loans\",\"url\":\"https:\/\/www.maxcashtitleloans.com\/\",\"sameAs\":[\"https:\/\/www.facebook.com\/maxcashtitleloans\/\",\"https:\/\/twitter.com\/mctitleloans\"],\"logo\":{\"@type\":\"ImageObject\",\"@id\":\"https:\/\/www.maxcashtitleloans.com\/#logo\",\"inLanguage\":\"es\",\"url\":\"https:\/\/staging.dev02.maxcashtitleloans.com\/wp-content\/uploads\/2020\/10\/updated-logo.png\",\"width\":226,\"height\":70,\"caption\":\"Tradition Media Group, LLC DBA Max Cash Title Loans\"},\"image\":{\"@id\":\"https:\/\/www.maxcashtitleloans.com\/#logo\"}},{\"@type\":\"WebSite\",\"@id\":\"https:\/\/www.maxcashtitleloans.com\/#website\",\"url\":\"https:\/\/www.maxcashtitleloans.com\/\",\"name\":\"Max Cash\",\"description\":\"\",\"publisher\":{\"@id\":\"https:\/\/www.maxcashtitleloans.com\/#organization\"},\"potentialAction\":[{\"@type\":\"SearchAction\",\"target\":\"https:\/\/www.maxcashtitleloans.com\/?s={search_term_string}\",\"query-input\":\"required name=search_term_string\"}],\"inLanguage\":\"es\"},{\"@type\":\"ImageObject\",\"@id\":\"https:\/\/staging.dev02.maxcashtitleloans.com\/es\/ponerse-en-contacto\/#primaryimage\",\"inLanguage\":\"es\",\"url\":\"https:\/\/www.maxcashtitleloans.com\/wp-content\/uploads\/2020\/08\/question.png\"},{\"@type\":\"WebPage\",\"@id\":\"https:\/\/staging.dev02.maxcashtitleloans.com\/es\/ponerse-en-contacto\/#webpage\",\"url\":\"https:\/\/staging.dev02.maxcashtitleloans.com\/es\/ponerse-en-contacto\/\",\"name\":\"Ponerse en contacto - Max Cash\",\"isPartOf\":{\"@id\":\"https:\/\/www.maxcashtitleloans.com\/#website\"},\"primaryImageOfPage\":{\"@id\":\"https:\/\/staging.dev02.maxcashtitleloans.com\/es\/ponerse-en-contacto\/#primaryimage\"},\"datePublished\":\"2021-01-19T18:30:42+00:00\",\"dateModified\":\"2021-01-19T18:36:56+00:00\",\"breadcrumb\":{\"@id\":\"https:\/\/staging.dev02.maxcashtitleloans.com\/es\/ponerse-en-contacto\/#breadcrumb\"},\"inLanguage\":\"es\",\"potentialAction\":[{\"@type\":\"ReadAction\",\"target\":[\"https:\/\/staging.dev02.maxcashtitleloans.com\/es\/ponerse-en-contacto\/\"]}]},{\"@type\":\"BreadcrumbList\",\"@id\":\"https:\/\/staging.dev02.maxcashtitleloans.com\/es\/ponerse-en-contacto\/#breadcrumb\",\"itemListElement\":[{\"@type\":\"ListItem\",\"position\":1,\"item\":{\"@type\":\"WebPage\",\"@id\":\"https:\/\/www.maxcashtitleloans.com\/es\/\",\"url\":\"https:\/\/www.maxcashtitleloans.com\/es\/\",\"name\":\"Home\"}},{\"@type\":\"ListItem\",\"position\":2,\"item\":{\"@type\":\"WebPage\",\"@id\":\"https:\/\/staging.dev02.maxcashtitleloans.com\/es\/ponerse-en-contacto\/\",\"url\":\"https:\/\/staging.dev02.maxcashtitleloans.com\/es\/ponerse-en-contacto\/\",\"name\":\"CONT\\u00c1CTENOS\"}}]}]}<\/script>\n<!-- \/ Yoast SEO plugin. -->","_links":{"self":[{"href":"https:\/\/staging.dev02.maxcashtitleloans.com\/es\/wp-json\/wp\/v2\/pages\/34179"}],"collection":[{"href":"https:\/\/staging.dev02.maxcashtitleloans.com\/es\/wp-json\/wp\/v2\/pages"}],"about":[{"href":"https:\/\/staging.dev02.maxcashtitleloans.com\/es\/wp-json\/wp\/v2\/types\/page"}],"author":[{"embeddable":true,"href":"https:\/\/staging.dev02.maxcashtitleloans.com\/es\/wp-json\/wp\/v2\/users\/32"}],"replies":[{"embeddable":true,"href":"https:\/\/staging.dev02.maxcashtitleloans.com\/es\/wp-json\/wp\/v2\/comments?post=34179"}],"version-history":[{"count":5,"href":"https:\/\/staging.dev02.maxcashtitleloans.com\/es\/wp-json\/wp\/v2\/pages\/34179\/revisions"}],"predecessor-version":[{"id":34187,"href":"https:\/\/staging.dev02.maxcashtitleloans.com\/es\/wp-json\/wp\/v2\/pages\/34179\/revisions\/34187"}],"wp:attachment":[{"href":"https:\/\/staging.dev02.maxcashtitleloans.com\/es\/wp-json\/wp\/v2\/media?parent=34179"}],"curies":[{"name":"wp","href":"https:\/\/api.w.org\/{rel}","templated":true}]}}