{"id":34191,"date":"2021-01-19T10:45:11","date_gmt":"2021-01-19T18:45:11","guid":{"rendered":"https:\/\/www.maxcashtitleloans.com\/?page_id=34191"},"modified":"2021-01-19T10:49:15","modified_gmt":"2021-01-19T18:49:15","slug":"declaracion-de-mision","status":"publish","type":"page","link":"https:\/\/staging.dev02.maxcashtitleloans.com\/es\/declaracion-de-mision\/","title":{"rendered":"Declaraci\u00f3n de misi\u00f3n"},"content":{"rendered":"\n<h1>Declaraci\u00f3n de misi\u00f3n<\/h1>\n\n\n\n<hr class=\"wp-block-separator\"\/>\n\n\n\n<p><strong><strong>Nosotros somos ustedes. Somos un humano ayudando a otros.<\/strong><\/strong><br>La misi\u00f3n de Max Cash Title Loans es brindar servicios de pr\u00e9stamos de alta calidad con integridad, profesionalismo y respeto por nuestros clientes, nuestros prestamistas y la comunidad con la que compartimos recursos.<\/p>\n\n\n\n<p>Al hacer esto, reconocemos que nuestro principal objetivo es servir a nuestros clientes de manera eficaz.<\/p>\n\n\n\n<h3><em>EN BUSCA DE ESTA MISI\u00d3N, CUMPLIMOS CON ESTOS VALORES:<\/em><\/h3>\n\n\n\n<p><strong><strong>EXCELENCIA<\/strong>.<\/strong><br>Nos esforzamos por convertirnos en uno de los proveedores de servicios de pr\u00e9stamos m\u00e1s solicitados en los Estados Unidos de Am\u00e9rica.<\/p>\n\n\n\n<p><strong><strong>SERVICIO<\/strong>.<\/strong><br>Nos esforzamos por cumplir o superar las expectativas de nuestros clientes en todos los aspectos del proceso de pr\u00e9stamo sobre el t\u00edtulo de su autom\u00f3vil.<\/p>\n\n\n\n<p><strong><strong>\u00c1NIMO<\/strong>.<\/strong><br>Promovemos una atm\u00f3sfera positiva en la que se anima a todas las personas a aprender, mejorar y sobresalir y a convertirse en l\u00edderes en la industria de pr\u00e9stamos sobre el t\u00edtulo de autom\u00f3viles, negocios de servicios financieros y comunidades c\u00edvicas.<\/p>\n\n\n\n<p><strong><strong>FUERZA<\/strong>.<\/strong><br>Llevamos a cabo nuestros asuntos para proporcionar la solidez financiera y el crecimiento necesarios para atraer y mantener funcionarios y personal de la m\u00e1s alta calidad.<\/p>\n\n\n\n<p><strong><strong>DIVERSIDAD<\/strong>.<\/strong><br>Fomentamos la diversidad entre nuestros miembros y el respeto por las diferencias entre nosotros. Abarcamos todo el espectro de la humanidad, con el mayor respeto por la edad, el sexo, la religi\u00f3n, la raza y la sexualidad.<\/p>\n\n\n\n<p><strong><strong>APOYO<\/strong>.<\/strong><br>Trabajamos a diario para mejorar la actitud solidaria, el v\u00ednculo com\u00fan y el sentido del humor colectivo, el ambiente de trabajo especial, que es un sello distintivo de nuestra firma.<\/p>\n\n\n\n<p><strong><strong><strong>COMUNIDAD<\/strong><\/strong>.<\/strong><br>Seguiremos nuestra convicci\u00f3n de que las personas con sentido del humor, la familia y la comunidad y con intereses fuera de la empresa son mejores para ello.<\/p>\n","protected":false},"excerpt":{"rendered":"<p>Declaraci\u00f3n de misi\u00f3n Nosotros somos ustedes. Somos un humano ayudando a otros.La misi\u00f3n de Max Cash Title Loans es brindar servicios de pr\u00e9stamos de alta calidad con integridad, profesionalismo y respeto por nuestros clientes, nuestros prestamistas y la comunidad con la que compartimos recursos. Al hacer esto, reconocemos que nuestro principal objetivo es servir a\u2026 <a class=\"readMoreLink\" href=\"https:\/\/staging.dev02.maxcashtitleloans.com\/es\/declaracion-de-mision\/\">Leer m\u00e1s<\/a><\/p>\n","protected":false},"author":32,"featured_media":0,"parent":0,"menu_order":0,"comment_status":"closed","ping_status":"open","template":"","meta":{"ub_ctt_via":""},"featured_image_src":null,"yoast_head":"<!-- This site is optimized with the Yoast SEO plugin v15.7 - https:\/\/yoast.com\/wordpress\/plugins\/seo\/ -->\n<title>Declaraci\u00f3n de misi\u00f3n - Max Cash<\/title>\n<meta name=\"robots\" content=\"index, follow, max-snippet:-1, max-image-preview:large, max-video-preview:-1\" \/>\n<link rel=\"canonical\" href=\"https:\/\/staging.dev02.maxcashtitleloans.com\/es\/declaracion-de-mision\/\" \/>\n<meta property=\"og:locale\" content=\"es_ES\" \/>\n<meta property=\"og:type\" content=\"article\" \/>\n<meta property=\"og:title\" content=\"Declaraci\u00f3n de misi\u00f3n - Max Cash\" \/>\n<meta property=\"og:description\" content=\"Declaraci\u00f3n de misi\u00f3n Nosotros somos ustedes. Somos un humano ayudando a otros.La misi\u00f3n de Max Cash Title Loans es brindar servicios de pr\u00e9stamos de alta calidad con integridad, profesionalismo y respeto por nuestros clientes, nuestros prestamistas y la comunidad con la que compartimos recursos. Al hacer esto, reconocemos que nuestro principal objetivo es servir a\u2026 Leer m\u00e1s\" \/>\n<meta property=\"og:url\" content=\"https:\/\/staging.dev02.maxcashtitleloans.com\/es\/declaracion-de-mision\/\" \/>\n<meta property=\"og:site_name\" content=\"Max Cash\" \/>\n<meta property=\"article:publisher\" content=\"https:\/\/www.facebook.com\/maxcashtitleloans\/\" \/>\n<meta property=\"article:modified_time\" content=\"2021-01-19T18:49:15+00:00\" \/>\n<meta name=\"twitter:label1\" content=\"Tiempo de lectura\">\n\t<meta name=\"twitter:data1\" content=\"2 minutos\">\n<script type=\"application\/ld+json\" class=\"yoast-schema-graph\">{\"@context\":\"https:\/\/schema.org\",\"@graph\":[{\"@type\":\"Organization\",\"@id\":\"https:\/\/www.maxcashtitleloans.com\/#organization\",\"name\":\"Tradition Media Group, LLC DBA Max Cash Title Loans\",\"url\":\"https:\/\/www.maxcashtitleloans.com\/\",\"sameAs\":[\"https:\/\/www.facebook.com\/maxcashtitleloans\/\",\"https:\/\/twitter.com\/mctitleloans\"],\"logo\":{\"@type\":\"ImageObject\",\"@id\":\"https:\/\/www.maxcashtitleloans.com\/#logo\",\"inLanguage\":\"es\",\"url\":\"https:\/\/staging.dev02.maxcashtitleloans.com\/wp-content\/uploads\/2020\/10\/updated-logo.png\",\"width\":226,\"height\":70,\"caption\":\"Tradition Media Group, LLC DBA Max Cash Title Loans\"},\"image\":{\"@id\":\"https:\/\/www.maxcashtitleloans.com\/#logo\"}},{\"@type\":\"WebSite\",\"@id\":\"https:\/\/www.maxcashtitleloans.com\/#website\",\"url\":\"https:\/\/www.maxcashtitleloans.com\/\",\"name\":\"Max Cash\",\"description\":\"\",\"publisher\":{\"@id\":\"https:\/\/www.maxcashtitleloans.com\/#organization\"},\"potentialAction\":[{\"@type\":\"SearchAction\",\"target\":\"https:\/\/www.maxcashtitleloans.com\/?s={search_term_string}\",\"query-input\":\"required name=search_term_string\"}],\"inLanguage\":\"es\"},{\"@type\":\"WebPage\",\"@id\":\"https:\/\/staging.dev02.maxcashtitleloans.com\/es\/declaracion-de-mision\/#webpage\",\"url\":\"https:\/\/staging.dev02.maxcashtitleloans.com\/es\/declaracion-de-mision\/\",\"name\":\"Declaraci\\u00f3n de misi\\u00f3n - Max Cash\",\"isPartOf\":{\"@id\":\"https:\/\/www.maxcashtitleloans.com\/#website\"},\"datePublished\":\"2021-01-19T18:45:11+00:00\",\"dateModified\":\"2021-01-19T18:49:15+00:00\",\"breadcrumb\":{\"@id\":\"https:\/\/staging.dev02.maxcashtitleloans.com\/es\/declaracion-de-mision\/#breadcrumb\"},\"inLanguage\":\"es\",\"potentialAction\":[{\"@type\":\"ReadAction\",\"target\":[\"https:\/\/staging.dev02.maxcashtitleloans.com\/es\/declaracion-de-mision\/\"]}]},{\"@type\":\"BreadcrumbList\",\"@id\":\"https:\/\/staging.dev02.maxcashtitleloans.com\/es\/declaracion-de-mision\/#breadcrumb\",\"itemListElement\":[{\"@type\":\"ListItem\",\"position\":1,\"item\":{\"@type\":\"WebPage\",\"@id\":\"https:\/\/www.maxcashtitleloans.com\/es\/\",\"url\":\"https:\/\/www.maxcashtitleloans.com\/es\/\",\"name\":\"Home\"}},{\"@type\":\"ListItem\",\"position\":2,\"item\":{\"@type\":\"WebPage\",\"@id\":\"https:\/\/staging.dev02.maxcashtitleloans.com\/es\/declaracion-de-mision\/\",\"url\":\"https:\/\/staging.dev02.maxcashtitleloans.com\/es\/declaracion-de-mision\/\",\"name\":\"Declaraci\\u00f3n de misi\\u00f3n\"}}]}]}<\/script>\n<!-- \/ Yoast SEO plugin. -->","_links":{"self":[{"href":"https:\/\/staging.dev02.maxcashtitleloans.com\/es\/wp-json\/wp\/v2\/pages\/34191"}],"collection":[{"href":"https:\/\/staging.dev02.maxcashtitleloans.com\/es\/wp-json\/wp\/v2\/pages"}],"about":[{"href":"https:\/\/staging.dev02.maxcashtitleloans.com\/es\/wp-json\/wp\/v2\/types\/page"}],"author":[{"embeddable":true,"href":"https:\/\/staging.dev02.maxcashtitleloans.com\/es\/wp-json\/wp\/v2\/users\/32"}],"replies":[{"embeddable":true,"href":"https:\/\/staging.dev02.maxcashtitleloans.com\/es\/wp-json\/wp\/v2\/comments?post=34191"}],"version-history":[{"count":2,"href":"https:\/\/staging.dev02.maxcashtitleloans.com\/es\/wp-json\/wp\/v2\/pages\/34191\/revisions"}],"predecessor-version":[{"id":34194,"href":"https:\/\/staging.dev02.maxcashtitleloans.com\/es\/wp-json\/wp\/v2\/pages\/34191\/revisions\/34194"}],"wp:attachment":[{"href":"https:\/\/staging.dev02.maxcashtitleloans.com\/es\/wp-json\/wp\/v2\/media?parent=34191"}],"curies":[{"name":"wp","href":"https:\/\/api.w.org\/{rel}","templated":true}]}}