{"id":34223,"date":"2021-01-20T08:52:35","date_gmt":"2021-01-20T16:52:35","guid":{"rendered":"https:\/\/www.maxcashtitleloans.com\/?page_id=34223"},"modified":"2021-01-20T08:56:28","modified_gmt":"2021-01-20T16:56:28","slug":"testimonios","status":"publish","type":"page","link":"https:\/\/staging.dev02.maxcashtitleloans.com\/es\/testimonios\/","title":{"rendered":"TESTIMONIOS"},"content":{"rendered":"\n<h2 class=\"mb-5\">\u00bfQu\u00e9 dice la gente de los pr\u00e9stamos de Max Cash Title loans?<\/h2>\n\n\n\n<div class=\"wp-block-group testimonialWraper shadow-sm\"><div class=\"wp-block-group__inner-container\">\n<div class=\"wp-block-group testimonialHeaderWrap\"><div class=\"wp-block-group__inner-container\">\n<div class=\"wp-block-columns are-vertically-aligned-center\">\n<div class=\"wp-block-column is-vertically-aligned-center\" style=\"flex-basis:25%\">\n<figure class=\"wp-block-image size-large tstmnlImg\"><img src=\"\/wp-content\/uploads\/2020\/11\/consumeraffairs_logo.png\" alt=\"Consumer Affairs Logo\" class=\"wp-image-29390\"\/><\/figure>\n<\/div>\n\n\n\n<div class=\"wp-block-column is-vertically-aligned-center\" style=\"flex-basis:50%\">\n<h4 class=\"tstmnlHeading\">Chantel de Livermore, California<\/h4>\n\n\n\n<p class=\"tstmnlSubHeading\">revisi\u00f3n publicada sobre asuntos del consumidor<\/p>\n<\/div>\n\n\n\n<div class=\"wp-block-column is-vertically-aligned-center\" style=\"flex-basis:25%\"><div class=\"ub-star-rating\" id=\"ub-star-rating-b4d80705-f7dc-4c80-ad09-0faf29cd0d15\">\n                <div class=\"ub-star-outer-container\">\n                    <div class=\"ub-star-inner-container\"><svg xmlns=\"http:\/\/www.w3.org\/2000\/svg\" fill=\"#ffff00\" width=\"20\" height=\"20\" viewBox=\"0 0 510 510\">\n        <polygon points=\"255,402.212 412.59,497.25 370.897,318.011 510,197.472 326.63,181.738 255,12.75 183.371,181.738 0,197.472 139.103,318.011 97.41,497.25\"\/>\n    <\/svg><svg xmlns=\"http:\/\/www.w3.org\/2000\/svg\" fill=\"#ffff00\" width=\"20\" height=\"20\" viewBox=\"0 0 510 510\">\n        <polygon points=\"255,402.212 412.59,497.25 370.897,318.011 510,197.472 326.63,181.738 255,12.75 183.371,181.738 0,197.472 139.103,318.011 97.41,497.25\"\/>\n    <\/svg><svg xmlns=\"http:\/\/www.w3.org\/2000\/svg\" fill=\"#ffff00\" width=\"20\" height=\"20\" viewBox=\"0 0 510 510\">\n        <polygon points=\"255,402.212 412.59,497.25 370.897,318.011 510,197.472 326.63,181.738 255,12.75 183.371,181.738 0,197.472 139.103,318.011 97.41,497.25\"\/>\n    <\/svg><svg xmlns=\"http:\/\/www.w3.org\/2000\/svg\" fill=\"#ffff00\" width=\"20\" height=\"20\" viewBox=\"0 0 510 510\">\n        <polygon points=\"255,402.212 412.59,497.25 370.897,318.011 510,197.472 326.63,181.738 255,12.75 183.371,181.738 0,197.472 139.103,318.011 97.41,497.25\"\/>\n    <\/svg><svg xmlns=\"http:\/\/www.w3.org\/2000\/svg\" fill=\"#ffff00\" width=\"20\" height=\"20\" viewBox=\"0 0 510 510\">\n        <polygon points=\"255,402.212 412.59,497.25 370.897,318.011 510,197.472 326.63,181.738 255,12.75 183.371,181.738 0,197.472 139.103,318.011 97.41,497.25\"\/>\n    <\/svg><\/div>\n                <\/div>\n                <div class=\"ub-review-text\"><\/div>\n            <\/div><\/div>\n<\/div>\n<\/div><\/div>\n\n\n\n<hr class=\"wp-block-separator has-text-color has-background is-style-wide\" style=\"background-color:#e0e0e0;color:#e0e0e0\"\/>\n\n\n\n<blockquote class=\"wp-block-quote is-style-default\"><p>Matt hizo un trabajo incre\u00edble. Me hizo sentir c\u00f3moda con lo que estaba haciendo. Es agradable y profesional. Por favor, d\u00edgale a Matt que Chantel dijo muchas gracias. Aprecio todo lo que hizo por m\u00ed. Le recomiendo la compa\u00f1\u00eda.<\/p><\/blockquote>\n<\/div><\/div>\n\n\n\n<div class=\"wp-block-group testimonialWraper shadow-sm\"><div class=\"wp-block-group__inner-container\">\n<div class=\"wp-block-group testimonialHeaderWrap\"><div class=\"wp-block-group__inner-container\">\n<div class=\"wp-block-columns are-vertically-aligned-center\">\n<div class=\"wp-block-column is-vertically-aligned-center\" style=\"flex-basis:25%\">\n<figure class=\"wp-block-image size-large tstmnlImg\"><img src=\"\/wp-content\/uploads\/2020\/11\/consumeraffairs_logo.png\" alt=\"Consumer Affairs Logo\" class=\"wp-image-29414\"\/><\/figure>\n<\/div>\n\n\n\n<div class=\"wp-block-column is-vertically-aligned-center\" style=\"flex-basis:50%\">\n<h4 class=\"tstmnlHeading\">Sasha de Chandler, Arizona<\/h4>\n\n\n\n<p class=\"tstmnlSubHeading\">revisi\u00f3n publicada sobre asuntos del consumidor<\/p>\n<\/div>\n\n\n\n<div class=\"wp-block-column is-vertically-aligned-center\" style=\"flex-basis:25%\"><div class=\"ub-star-rating\" id=\"ub-star-rating-e253af2f-37cc-4f08-9f01-ca30c8e831a3\">\n                <div class=\"ub-star-outer-container\">\n                    <div class=\"ub-star-inner-container\"><svg xmlns=\"http:\/\/www.w3.org\/2000\/svg\" fill=\"#ffff00\" width=\"20\" height=\"20\" viewBox=\"0 0 510 510\">\n        <polygon points=\"255,402.212 412.59,497.25 370.897,318.011 510,197.472 326.63,181.738 255,12.75 183.371,181.738 0,197.472 139.103,318.011 97.41,497.25\"\/>\n    <\/svg><svg xmlns=\"http:\/\/www.w3.org\/2000\/svg\" fill=\"#ffff00\" width=\"20\" height=\"20\" viewBox=\"0 0 510 510\">\n        <polygon points=\"255,402.212 412.59,497.25 370.897,318.011 510,197.472 326.63,181.738 255,12.75 183.371,181.738 0,197.472 139.103,318.011 97.41,497.25\"\/>\n    <\/svg><svg xmlns=\"http:\/\/www.w3.org\/2000\/svg\" fill=\"#ffff00\" width=\"20\" height=\"20\" viewBox=\"0 0 510 510\">\n        <polygon points=\"255,402.212 412.59,497.25 370.897,318.011 510,197.472 326.63,181.738 255,12.75 183.371,181.738 0,197.472 139.103,318.011 97.41,497.25\"\/>\n    <\/svg><svg xmlns=\"http:\/\/www.w3.org\/2000\/svg\" fill=\"#ffff00\" width=\"20\" height=\"20\" viewBox=\"0 0 510 510\">\n        <polygon points=\"255,402.212 412.59,497.25 370.897,318.011 510,197.472 326.63,181.738 255,12.75 183.371,181.738 0,197.472 139.103,318.011 97.41,497.25\"\/>\n    <\/svg><svg xmlns=\"http:\/\/www.w3.org\/2000\/svg\" fill=\"#ffff00\" width=\"20\" height=\"20\" viewBox=\"0 0 510 510\">\n        <polygon points=\"255,402.212 412.59,497.25 370.897,318.011 510,197.472 326.63,181.738 255,12.75 183.371,181.738 0,197.472 139.103,318.011 97.41,497.25\"\/>\n    <\/svg><\/div>\n                <\/div>\n                <div class=\"ub-review-text\"><\/div>\n            <\/div><\/div>\n<\/div>\n<\/div><\/div>\n\n\n\n<hr class=\"wp-block-separator has-text-color has-background is-style-wide\" style=\"background-color:#e0e0e0;color:#e0e0e0\"\/>\n\n\n\n<blockquote class=\"wp-block-quote is-style-default\"><p>\u00a1Peder fue genial! Me ayud\u00f3 durante el proceso y fue muy agradable enviar todos mis documentos por mensaje de texto. Pude obtener el pr\u00e9stamo por la cantidad que necesitaba al d\u00eda siguiente. \u00a1Muchas gracias y definitivamente lo recomiendo!<\/p><\/blockquote>\n<\/div><\/div>\n\n\n\n<div class=\"wp-block-group testimonialWraper shadow-sm\"><div class=\"wp-block-group__inner-container\">\n<div class=\"wp-block-group testimonialHeaderWrap\"><div class=\"wp-block-group__inner-container\">\n<div class=\"wp-block-columns are-vertically-aligned-center\">\n<div class=\"wp-block-column is-vertically-aligned-center\" style=\"flex-basis:25%\">\n<figure class=\"wp-block-image size-large tstmnlImg\"><img src=\"\/wp-content\/uploads\/2020\/11\/consumeraffairs_logo.png\" alt=\"Consumer Affairs Logo\" class=\"wp-image-29417\"\/><\/figure>\n<\/div>\n\n\n\n<div class=\"wp-block-column is-vertically-aligned-center\" style=\"flex-basis:50%\">\n<h4 class=\"tstmnlHeading\">Amber de Sanford, Florida\u00a0<\/h4>\n\n\n\n<p class=\"tstmnlSubHeading\">revisi\u00f3n publicada sobre asuntos del consumidor<\/p>\n<\/div>\n\n\n\n<div class=\"wp-block-column is-vertically-aligned-center\" style=\"flex-basis:25%\"><div class=\"ub-star-rating\" id=\"ub-star-rating-e9624d81-737d-4e07-8bde-4173b2733332\">\n                <div class=\"ub-star-outer-container\">\n                    <div class=\"ub-star-inner-container\"><svg xmlns=\"http:\/\/www.w3.org\/2000\/svg\" fill=\"#ffff00\" width=\"20\" height=\"20\" viewBox=\"0 0 510 510\">\n        <polygon points=\"255,402.212 412.59,497.25 370.897,318.011 510,197.472 326.63,181.738 255,12.75 183.371,181.738 0,197.472 139.103,318.011 97.41,497.25\"\/>\n    <\/svg><svg xmlns=\"http:\/\/www.w3.org\/2000\/svg\" fill=\"#ffff00\" width=\"20\" height=\"20\" viewBox=\"0 0 510 510\">\n        <polygon points=\"255,402.212 412.59,497.25 370.897,318.011 510,197.472 326.63,181.738 255,12.75 183.371,181.738 0,197.472 139.103,318.011 97.41,497.25\"\/>\n    <\/svg><svg xmlns=\"http:\/\/www.w3.org\/2000\/svg\" fill=\"#ffff00\" width=\"20\" height=\"20\" viewBox=\"0 0 510 510\">\n        <polygon points=\"255,402.212 412.59,497.25 370.897,318.011 510,197.472 326.63,181.738 255,12.75 183.371,181.738 0,197.472 139.103,318.011 97.41,497.25\"\/>\n    <\/svg><svg xmlns=\"http:\/\/www.w3.org\/2000\/svg\" fill=\"#ffff00\" width=\"20\" height=\"20\" viewBox=\"0 0 510 510\">\n        <polygon points=\"255,402.212 412.59,497.25 370.897,318.011 510,197.472 326.63,181.738 255,12.75 183.371,181.738 0,197.472 139.103,318.011 97.41,497.25\"\/>\n    <\/svg><svg xmlns=\"http:\/\/www.w3.org\/2000\/svg\" fill=\"#ffff00\" width=\"20\" height=\"20\" viewBox=\"0 0 510 510\">\n        <polygon points=\"255,402.212 412.59,497.25 370.897,318.011 510,197.472 326.63,181.738 255,12.75 183.371,181.738 0,197.472 139.103,318.011 97.41,497.25\"\/>\n    <\/svg><\/div>\n                <\/div>\n                <div class=\"ub-review-text\"><\/div>\n            <\/div><\/div>\n<\/div>\n<\/div><\/div>\n\n\n\n<hr class=\"wp-block-separator has-text-color has-background is-style-wide\" style=\"background-color:#e0e0e0;color:#e0e0e0\"\/>\n\n\n\n<blockquote class=\"wp-block-quote is-style-default\"><p>Fuimos rechazados. Luego, un gran trabajador llamado Peter me llam\u00f3 y me ayud\u00f3 mucho, encontr\u00f3 la ubicaci\u00f3n m\u00e1s cercana y me aprob\u00f3 para otro pr\u00e9stamo a trav\u00e9s de otra compa\u00f1\u00eda. Esto fue muy \u00fatil para m\u00ed y para mis hijos. \u00a1Muchas gracias!<\/p><\/blockquote>\n<\/div><\/div>\n\n\n\n<div class=\"wp-block-group testimonialWraper shadow-sm\"><div class=\"wp-block-group__inner-container\">\n<div class=\"wp-block-group testimonialHeaderWrap\"><div class=\"wp-block-group__inner-container\">\n<div class=\"wp-block-columns are-vertically-aligned-center\">\n<div class=\"wp-block-column is-vertically-aligned-center\" style=\"flex-basis:25%\">\n<figure class=\"wp-block-image size-large tstmnlImg\"><img src=\"\/wp-content\/uploads\/2020\/11\/consumeraffairs_logo.png\" alt=\"Consumer Affairs Logo\" class=\"wp-image-29418\"\/><\/figure>\n<\/div>\n\n\n\n<div class=\"wp-block-column is-vertically-aligned-center\" style=\"flex-basis:50%\">\n<h4 class=\"tstmnlHeading\">Martha de Moreno Valley, California\u00a0<\/h4>\n\n\n\n<p class=\"tstmnlSubHeading\">revisi\u00f3n publicada sobre asuntos del consumidor<\/p>\n<\/div>\n\n\n\n<div class=\"wp-block-column is-vertically-aligned-center\" style=\"flex-basis:25%\"><div class=\"ub-star-rating\" id=\"ub-star-rating-994ea28d-af05-4472-9643-bfefaaad5b4d\">\n                <div class=\"ub-star-outer-container\">\n                    <div class=\"ub-star-inner-container\"><svg xmlns=\"http:\/\/www.w3.org\/2000\/svg\" fill=\"#ffff00\" width=\"20\" height=\"20\" viewBox=\"0 0 510 510\">\n        <polygon points=\"255,402.212 412.59,497.25 370.897,318.011 510,197.472 326.63,181.738 255,12.75 183.371,181.738 0,197.472 139.103,318.011 97.41,497.25\"\/>\n    <\/svg><svg xmlns=\"http:\/\/www.w3.org\/2000\/svg\" fill=\"#ffff00\" width=\"20\" height=\"20\" viewBox=\"0 0 510 510\">\n        <polygon points=\"255,402.212 412.59,497.25 370.897,318.011 510,197.472 326.63,181.738 255,12.75 183.371,181.738 0,197.472 139.103,318.011 97.41,497.25\"\/>\n    <\/svg><svg xmlns=\"http:\/\/www.w3.org\/2000\/svg\" fill=\"#ffff00\" width=\"20\" height=\"20\" viewBox=\"0 0 510 510\">\n        <polygon points=\"255,402.212 412.59,497.25 370.897,318.011 510,197.472 326.63,181.738 255,12.75 183.371,181.738 0,197.472 139.103,318.011 97.41,497.25\"\/>\n    <\/svg><svg xmlns=\"http:\/\/www.w3.org\/2000\/svg\" fill=\"#ffff00\" width=\"20\" height=\"20\" viewBox=\"0 0 510 510\">\n        <polygon points=\"255,402.212 412.59,497.25 370.897,318.011 510,197.472 326.63,181.738 255,12.75 183.371,181.738 0,197.472 139.103,318.011 97.41,497.25\"\/>\n    <\/svg><svg xmlns=\"http:\/\/www.w3.org\/2000\/svg\" fill=\"#ffff00\" width=\"20\" height=\"20\" viewBox=\"0 0 510 510\">\n        <polygon points=\"255,402.212 412.59,497.25 370.897,318.011 510,197.472 326.63,181.738 255,12.75 183.371,181.738 0,197.472 139.103,318.011 97.41,497.25\"\/>\n    <\/svg><\/div>\n                <\/div>\n                <div class=\"ub-review-text\"><\/div>\n            <\/div><\/div>\n<\/div>\n<\/div><\/div>\n\n\n\n<hr class=\"wp-block-separator has-text-color has-background is-style-wide\" style=\"background-color:#e0e0e0;color:#e0e0e0\"\/>\n\n\n\n<blockquote class=\"wp-block-quote is-style-default\"><p>Tuve una gran experiencia con ellos. Me ayudaron mucho. Me rechazaron 15 lugares de pr\u00e9stamo de t\u00edtulo y no pod\u00eda creer que me aceptaran. Primero habl\u00e9 con Brian y fue incre\u00edble. Me ayud\u00f3 en cada paso del camino. Y luego recib\u00ed ayuda de Jean **. Ella es s\u00faper asombrosa. \u00a1La amo! Ambos me ayudaron mucho. Gracias chicos. Realmente lo aprecio. Ustedes me salvaron cuando necesitaba desesperadamente pagar las facturas de mi casa y el alquiler. Gracias Gracias. Espero que los prueben.<\/p><\/blockquote>\n<\/div><\/div>\n\n\n\n<p><\/p>\n","protected":false},"excerpt":{"rendered":"<p>\u00bfQu\u00e9 dice la gente de los pr\u00e9stamos de Max Cash Title loans?<\/p>\n","protected":false},"author":32,"featured_media":0,"parent":0,"menu_order":0,"comment_status":"closed","ping_status":"open","template":"content-with-sidebar.php","meta":{"ub_ctt_via":""},"featured_image_src":null,"yoast_head":"<!-- This site is optimized with the Yoast SEO plugin v15.7 - https:\/\/yoast.com\/wordpress\/plugins\/seo\/ -->\n<title>TESTIMONIOS - Max Cash<\/title>\n<meta name=\"robots\" content=\"index, follow, max-snippet:-1, max-image-preview:large, max-video-preview:-1\" \/>\n<link rel=\"canonical\" href=\"https:\/\/staging.dev02.maxcashtitleloans.com\/es\/testimonios\/\" \/>\n<meta property=\"og:locale\" content=\"es_ES\" \/>\n<meta property=\"og:type\" content=\"article\" \/>\n<meta property=\"og:title\" content=\"TESTIMONIOS - Max Cash\" \/>\n<meta property=\"og:description\" content=\"\u00bfQu\u00e9 dice la gente de los pr\u00e9stamos de Max Cash Title loans?\" \/>\n<meta property=\"og:url\" content=\"https:\/\/staging.dev02.maxcashtitleloans.com\/es\/testimonios\/\" \/>\n<meta property=\"og:site_name\" content=\"Max Cash\" \/>\n<meta property=\"article:publisher\" content=\"https:\/\/www.facebook.com\/maxcashtitleloans\/\" \/>\n<meta property=\"article:modified_time\" content=\"2021-01-20T16:56:28+00:00\" \/>\n<meta property=\"og:image\" content=\"https:\/\/staging.dev02.maxcashtitleloans.com\/wp-content\/uploads\/2020\/11\/consumeraffairs_logo.png\" \/>\n<meta name=\"twitter:label1\" content=\"Tiempo de lectura\">\n\t<meta name=\"twitter:data1\" content=\"2 minutos\">\n<script type=\"application\/ld+json\" class=\"yoast-schema-graph\">{\"@context\":\"https:\/\/schema.org\",\"@graph\":[{\"@type\":\"Organization\",\"@id\":\"https:\/\/www.maxcashtitleloans.com\/#organization\",\"name\":\"Tradition Media Group, LLC DBA Max Cash Title Loans\",\"url\":\"https:\/\/www.maxcashtitleloans.com\/\",\"sameAs\":[\"https:\/\/www.facebook.com\/maxcashtitleloans\/\",\"https:\/\/twitter.com\/mctitleloans\"],\"logo\":{\"@type\":\"ImageObject\",\"@id\":\"https:\/\/www.maxcashtitleloans.com\/#logo\",\"inLanguage\":\"es\",\"url\":\"https:\/\/staging.dev02.maxcashtitleloans.com\/wp-content\/uploads\/2020\/10\/updated-logo.png\",\"width\":226,\"height\":70,\"caption\":\"Tradition Media Group, LLC DBA Max Cash Title Loans\"},\"image\":{\"@id\":\"https:\/\/www.maxcashtitleloans.com\/#logo\"}},{\"@type\":\"WebSite\",\"@id\":\"https:\/\/www.maxcashtitleloans.com\/#website\",\"url\":\"https:\/\/www.maxcashtitleloans.com\/\",\"name\":\"Max Cash\",\"description\":\"\",\"publisher\":{\"@id\":\"https:\/\/www.maxcashtitleloans.com\/#organization\"},\"potentialAction\":[{\"@type\":\"SearchAction\",\"target\":\"https:\/\/www.maxcashtitleloans.com\/?s={search_term_string}\",\"query-input\":\"required name=search_term_string\"}],\"inLanguage\":\"es\"},{\"@type\":\"ImageObject\",\"@id\":\"https:\/\/staging.dev02.maxcashtitleloans.com\/es\/testimonios\/#primaryimage\",\"inLanguage\":\"es\",\"url\":\"\/wp-content\/uploads\/2020\/11\/consumeraffairs_logo.png\"},{\"@type\":\"WebPage\",\"@id\":\"https:\/\/staging.dev02.maxcashtitleloans.com\/es\/testimonios\/#webpage\",\"url\":\"https:\/\/staging.dev02.maxcashtitleloans.com\/es\/testimonios\/\",\"name\":\"TESTIMONIOS - Max Cash\",\"isPartOf\":{\"@id\":\"https:\/\/www.maxcashtitleloans.com\/#website\"},\"primaryImageOfPage\":{\"@id\":\"https:\/\/staging.dev02.maxcashtitleloans.com\/es\/testimonios\/#primaryimage\"},\"datePublished\":\"2021-01-20T16:52:35+00:00\",\"dateModified\":\"2021-01-20T16:56:28+00:00\",\"breadcrumb\":{\"@id\":\"https:\/\/staging.dev02.maxcashtitleloans.com\/es\/testimonios\/#breadcrumb\"},\"inLanguage\":\"es\",\"potentialAction\":[{\"@type\":\"ReadAction\",\"target\":[\"https:\/\/staging.dev02.maxcashtitleloans.com\/es\/testimonios\/\"]}]},{\"@type\":\"BreadcrumbList\",\"@id\":\"https:\/\/staging.dev02.maxcashtitleloans.com\/es\/testimonios\/#breadcrumb\",\"itemListElement\":[{\"@type\":\"ListItem\",\"position\":1,\"item\":{\"@type\":\"WebPage\",\"@id\":\"https:\/\/www.maxcashtitleloans.com\/es\/\",\"url\":\"https:\/\/www.maxcashtitleloans.com\/es\/\",\"name\":\"Home\"}},{\"@type\":\"ListItem\",\"position\":2,\"item\":{\"@type\":\"WebPage\",\"@id\":\"https:\/\/staging.dev02.maxcashtitleloans.com\/es\/testimonios\/\",\"url\":\"https:\/\/staging.dev02.maxcashtitleloans.com\/es\/testimonios\/\",\"name\":\"TESTIMONIOS\"}}]}]}<\/script>\n<!-- \/ Yoast SEO plugin. -->","_links":{"self":[{"href":"https:\/\/staging.dev02.maxcashtitleloans.com\/es\/wp-json\/wp\/v2\/pages\/34223"}],"collection":[{"href":"https:\/\/staging.dev02.maxcashtitleloans.com\/es\/wp-json\/wp\/v2\/pages"}],"about":[{"href":"https:\/\/staging.dev02.maxcashtitleloans.com\/es\/wp-json\/wp\/v2\/types\/page"}],"author":[{"embeddable":true,"href":"https:\/\/staging.dev02.maxcashtitleloans.com\/es\/wp-json\/wp\/v2\/users\/32"}],"replies":[{"embeddable":true,"href":"https:\/\/staging.dev02.maxcashtitleloans.com\/es\/wp-json\/wp\/v2\/comments?post=34223"}],"version-history":[{"count":4,"href":"https:\/\/staging.dev02.maxcashtitleloans.com\/es\/wp-json\/wp\/v2\/pages\/34223\/revisions"}],"predecessor-version":[{"id":34230,"href":"https:\/\/staging.dev02.maxcashtitleloans.com\/es\/wp-json\/wp\/v2\/pages\/34223\/revisions\/34230"}],"wp:attachment":[{"href":"https:\/\/staging.dev02.maxcashtitleloans.com\/es\/wp-json\/wp\/v2\/media?parent=34223"}],"curies":[{"name":"wp","href":"https:\/\/api.w.org\/{rel}","templated":true}]}}