{"id":34238,"date":"2021-01-20T09:30:38","date_gmt":"2021-01-20T17:30:38","guid":{"rendered":"https:\/\/www.maxcashtitleloans.com\/?page_id=34238"},"modified":"2021-01-20T09:32:54","modified_gmt":"2021-01-20T17:32:54","slug":"carreras","status":"publish","type":"page","link":"https:\/\/staging.dev02.maxcashtitleloans.com\/es\/carreras\/","title":{"rendered":"Carreras"},"content":{"rendered":"\n<div id=\"BambooHR\"><script src=\"https:\/\/tmgquadw.bamboohr.com\/js\/jobs2.php\" type=\"text\/javascript\"><\/script><\/div>\n\n\n\n<p>Max Cash Title Loans est\u00e1 extremadamente orgulloso del fant\u00e1stico equipo de miembros del personal que hemos construido a lo largo de los a\u00f1os. \u00a1Con su ayuda, hemos podido crecer como empresa y convertirnos en el mercado de pr\u00e9stamos de t\u00edtulo n\u00famero uno a nivel nacional!<\/p>\n\n\n\n<p>Max Cash Title Loans ha sido una fuerza innovadora en la industria de los pr\u00e9stamos de t\u00edtulo durante m\u00e1s de una d\u00e9cada, y queremos que se una a nuestro equipo para que pueda compartir el \u00e9xito. Como una empresa en constante crecimiento, Max Cash Title Loans siempre busca personas positivas y entusiastas para agregar a nuestro equipo de personal responsable y conocedor.<\/p>\n\n\n\n<p>Cuando se trata de eso, los pr\u00e9stamos sobre el t\u00edtulo no deber\u00edan ser un proceso estresante, \u00a1por lo que tampoco deber\u00eda trabajar para una empresa en la industria de pr\u00e9stamos sobre el t\u00edtulo! Aqu\u00ed en Max Cash Title Loans no creemos en una cultura formal de oficina sofocante, sino que queremos que nuestros empleados se sientan c\u00f3modos y confiados. Si est\u00e1 buscando un trabajo gratificante trabajando con personas de calidad, \u00a1deber\u00eda considerar unirse al equipo de pr\u00e9stamos de t\u00edtulo de Max Cash!<\/p>\n\n\n\n<p>A continuaci\u00f3n encontrar\u00e1 detalles sobre los puestos para los que estamos contratando actualmente. Haga clic en el puesto de trabajo que le interesa para obtener m\u00e1s informaci\u00f3n sobre las responsabilidades laborales. Desde all\u00ed, puede seleccionar \u00abSolicitar este trabajo\u00bb en esa misma p\u00e1gina para comenzar con su solicitud. \u00a1Esperamos con inter\u00e9s escuchar de usted!<\/p>\n","protected":false},"excerpt":{"rendered":"<p>Max Cash Title Loans est\u00e1 extremadamente orgulloso del fant\u00e1stico equipo de miembros del personal que hemos construido a lo largo de los a\u00f1os. \u00a1Con su ayuda, hemos podido crecer como empresa y convertirnos en el mercado de pr\u00e9stamos de t\u00edtulo n\u00famero uno a nivel nacional! Max Cash Title Loans ha sido una fuerza innovadora en\u2026 <a class=\"readMoreLink\" href=\"https:\/\/staging.dev02.maxcashtitleloans.com\/es\/carreras\/\">Leer m\u00e1s<\/a><\/p>\n","protected":false},"author":32,"featured_media":0,"parent":0,"menu_order":0,"comment_status":"closed","ping_status":"closed","template":"regular-page-with-sidebar-template.php","meta":{"ub_ctt_via":""},"featured_image_src":null,"yoast_head":"<!-- This site is optimized with the Yoast SEO plugin v15.7 - https:\/\/yoast.com\/wordpress\/plugins\/seo\/ -->\n<title>Carreras - Max Cash<\/title>\n<meta name=\"robots\" content=\"index, follow, max-snippet:-1, max-image-preview:large, max-video-preview:-1\" \/>\n<link rel=\"canonical\" href=\"https:\/\/staging.dev02.maxcashtitleloans.com\/es\/carreras\/\" \/>\n<meta property=\"og:locale\" content=\"es_ES\" \/>\n<meta property=\"og:type\" content=\"article\" \/>\n<meta property=\"og:title\" content=\"Carreras - Max Cash\" \/>\n<meta property=\"og:description\" content=\"Max Cash Title Loans est\u00e1 extremadamente orgulloso del fant\u00e1stico equipo de miembros del personal que hemos construido a lo largo de los a\u00f1os. \u00a1Con su ayuda, hemos podido crecer como empresa y convertirnos en el mercado de pr\u00e9stamos de t\u00edtulo n\u00famero uno a nivel nacional! Max Cash Title Loans ha sido una fuerza innovadora en\u2026 Leer m\u00e1s\" \/>\n<meta property=\"og:url\" content=\"https:\/\/staging.dev02.maxcashtitleloans.com\/es\/carreras\/\" \/>\n<meta property=\"og:site_name\" content=\"Max Cash\" \/>\n<meta property=\"article:publisher\" content=\"https:\/\/www.facebook.com\/maxcashtitleloans\/\" \/>\n<meta property=\"article:modified_time\" content=\"2021-01-20T17:32:54+00:00\" \/>\n<meta name=\"twitter:label1\" content=\"Tiempo de lectura\">\n\t<meta name=\"twitter:data1\" content=\"2 minutos\">\n<script type=\"application\/ld+json\" class=\"yoast-schema-graph\">{\"@context\":\"https:\/\/schema.org\",\"@graph\":[{\"@type\":\"Organization\",\"@id\":\"https:\/\/www.maxcashtitleloans.com\/#organization\",\"name\":\"Tradition Media Group, LLC DBA Max Cash Title Loans\",\"url\":\"https:\/\/www.maxcashtitleloans.com\/\",\"sameAs\":[\"https:\/\/www.facebook.com\/maxcashtitleloans\/\",\"https:\/\/twitter.com\/mctitleloans\"],\"logo\":{\"@type\":\"ImageObject\",\"@id\":\"https:\/\/www.maxcashtitleloans.com\/#logo\",\"inLanguage\":\"es\",\"url\":\"https:\/\/staging.dev02.maxcashtitleloans.com\/wp-content\/uploads\/2020\/10\/updated-logo.png\",\"width\":226,\"height\":70,\"caption\":\"Tradition Media Group, LLC DBA Max Cash Title Loans\"},\"image\":{\"@id\":\"https:\/\/www.maxcashtitleloans.com\/#logo\"}},{\"@type\":\"WebSite\",\"@id\":\"https:\/\/www.maxcashtitleloans.com\/#website\",\"url\":\"https:\/\/www.maxcashtitleloans.com\/\",\"name\":\"Max Cash\",\"description\":\"\",\"publisher\":{\"@id\":\"https:\/\/www.maxcashtitleloans.com\/#organization\"},\"potentialAction\":[{\"@type\":\"SearchAction\",\"target\":\"https:\/\/www.maxcashtitleloans.com\/?s={search_term_string}\",\"query-input\":\"required name=search_term_string\"}],\"inLanguage\":\"es\"},{\"@type\":\"WebPage\",\"@id\":\"https:\/\/staging.dev02.maxcashtitleloans.com\/es\/carreras\/#webpage\",\"url\":\"https:\/\/staging.dev02.maxcashtitleloans.com\/es\/carreras\/\",\"name\":\"Carreras - Max Cash\",\"isPartOf\":{\"@id\":\"https:\/\/www.maxcashtitleloans.com\/#website\"},\"datePublished\":\"2021-01-20T17:30:38+00:00\",\"dateModified\":\"2021-01-20T17:32:54+00:00\",\"breadcrumb\":{\"@id\":\"https:\/\/staging.dev02.maxcashtitleloans.com\/es\/carreras\/#breadcrumb\"},\"inLanguage\":\"es\",\"potentialAction\":[{\"@type\":\"ReadAction\",\"target\":[\"https:\/\/staging.dev02.maxcashtitleloans.com\/es\/carreras\/\"]}]},{\"@type\":\"BreadcrumbList\",\"@id\":\"https:\/\/staging.dev02.maxcashtitleloans.com\/es\/carreras\/#breadcrumb\",\"itemListElement\":[{\"@type\":\"ListItem\",\"position\":1,\"item\":{\"@type\":\"WebPage\",\"@id\":\"https:\/\/www.maxcashtitleloans.com\/es\/\",\"url\":\"https:\/\/www.maxcashtitleloans.com\/es\/\",\"name\":\"Home\"}},{\"@type\":\"ListItem\",\"position\":2,\"item\":{\"@type\":\"WebPage\",\"@id\":\"https:\/\/staging.dev02.maxcashtitleloans.com\/es\/carreras\/\",\"url\":\"https:\/\/staging.dev02.maxcashtitleloans.com\/es\/carreras\/\",\"name\":\"CARRERAS CON PR\\u00c9STAMOS M\\u00c1XIMOS EN EFECTIVO\"}}]}]}<\/script>\n<!-- \/ Yoast SEO plugin. -->","_links":{"self":[{"href":"https:\/\/staging.dev02.maxcashtitleloans.com\/es\/wp-json\/wp\/v2\/pages\/34238"}],"collection":[{"href":"https:\/\/staging.dev02.maxcashtitleloans.com\/es\/wp-json\/wp\/v2\/pages"}],"about":[{"href":"https:\/\/staging.dev02.maxcashtitleloans.com\/es\/wp-json\/wp\/v2\/types\/page"}],"author":[{"embeddable":true,"href":"https:\/\/staging.dev02.maxcashtitleloans.com\/es\/wp-json\/wp\/v2\/users\/32"}],"replies":[{"embeddable":true,"href":"https:\/\/staging.dev02.maxcashtitleloans.com\/es\/wp-json\/wp\/v2\/comments?post=34238"}],"version-history":[{"count":3,"href":"https:\/\/staging.dev02.maxcashtitleloans.com\/es\/wp-json\/wp\/v2\/pages\/34238\/revisions"}],"predecessor-version":[{"id":34241,"href":"https:\/\/staging.dev02.maxcashtitleloans.com\/es\/wp-json\/wp\/v2\/pages\/34238\/revisions\/34241"}],"wp:attachment":[{"href":"https:\/\/staging.dev02.maxcashtitleloans.com\/es\/wp-json\/wp\/v2\/media?parent=34238"}],"curies":[{"name":"wp","href":"https:\/\/api.w.org\/{rel}","templated":true}]}}