{"id":35670,"date":"2021-02-26T05:46:02","date_gmt":"2021-02-26T13:46:02","guid":{"rendered":"http:\/\/staging.dev02.maxcashtitleloans.com\/educacion-sobre-prestamos-de-titulo\/"},"modified":"2021-02-26T05:46:03","modified_gmt":"2021-02-26T13:46:03","slug":"educacion-sobre-prestamos-de-titulo","status":"publish","type":"page","link":"https:\/\/staging.dev02.maxcashtitleloans.com\/es\/educacion-sobre-prestamos-de-titulo\/","title":{"rendered":"Educaci\u00f3n sobre pr\u00e9stamos de t\u00edtulo"},"content":{"rendered":"\n<h5 class=\"mb-4\">Haga clic en un enlace a continuaci\u00f3n para obtener m\u00e1s informaci\u00f3n:<\/h5>\n<ul class=\"lcp_catlist\" id=\"lcp_instance_0\"><li ><a href=\"https:\/\/staging.dev02.maxcashtitleloans.com\/es\/prestamos-de-titulo-en-efectivo\/\" title=\"Pr\u00e9stamos de t\u00edtulo en efectivo\">Pr\u00e9stamos de t\u00edtulo en efectivo<\/a><div class=\"lcp_excerpt\">\nSi est\u00e1 buscando un pr\u00e9stamo de t\u00edtulo en efectivo, los pr\u00e9stamos de t\u00edtulo en efectivo Max pueden serle de utilidad. Los pr\u00e9stamos sobre el t\u00edtulo de un autom\u00f3vil pueden ser costosos, sin embargo, si necesita dinero ahora y puede calificar para un pr\u00e9stamo &#8230;\nUn pr\u00e9stamo sobre el t\u00edtulo es una forma r\u00e1pida y f\u00e1cil de ...<\/div><\/li><li ><a href=\"https:\/\/staging.dev02.maxcashtitleloans.com\/es\/prestamos-de-titulo-de-auto-en-linea\/\" title=\"pr\u00e9stamos de t\u00edtulo de auto en l\u00ednea\">pr\u00e9stamos de t\u00edtulo de auto en l\u00ednea<\/a><div class=\"lcp_excerpt\">\nEst\u00e1 buscando un pr\u00e9stamo sobre el t\u00edtulo de su autom\u00f3vil en l\u00ednea. Los pr\u00e9stamos de t\u00edtulo en efectivo m\u00e1ximo est\u00e1n aqu\u00ed para ayudarlo en el proceso de adquirir un pr\u00e9stamo de t\u00edtulo. Max Cash Title Loans trabaja solo con los mejores prestamistas en su \u00e1rea. Trabajamos con TMG Loan Processing con la acreditaci\u00f3n de Consumer ...<\/div><\/li><li ><a href=\"https:\/\/staging.dev02.maxcashtitleloans.com\/es\/prestamo-sobre-el-titulo-de-mi-casa-rodante\/\" title=\"Pr\u00e9stamo sobre el t\u00edtulo de mi casa rodante\">Pr\u00e9stamo sobre el t\u00edtulo de mi casa rodante<\/a><div class=\"lcp_excerpt\">\n\u00a1S\u00cd! Acabamos de conectarnos con varios prestamistas en muchos estados que le dar\u00e1n un pr\u00e9stamo sobre el t\u00edtulo de su RV. LL\u00c1MANOS a esto porque el RV en s\u00ed no est\u00e1 en la lista.\n&nbsp;\n480-405-8877\n<\/div><\/li><\/ul>\n\n<p><\/p>\n<script><![CDATA[\r\n  (function(){\r\n\r\n    var postTitle = document.querySelector('h1').innerText;\r\n    var postContent = document.querySelector('.entry-content').innerText.trim();\r\n    var dateModified = document.querySelector('meta[property=\"article:modified_time\"]').getAttribute('content');\r\n    var data =\r\n{\r\n  \"@context\": \"http:\/\/schema.org\",\r\n  \"@type\": \"Article\",\r\n  \"headline\": postTitle,\r\n  \"description\": \"Getting a title loan is easy! We have streamlined the process to ensure your title loan experience is fast and enjoyable.\",\r\n  \"url\": document.location.href,\r\n  \"author\": \"Max Cash Title Loans\",\r\n  \"articleSection\": \"How Do Car Title Loans Work?\",\r\n  \"articleBody\": postContent,\r\n  \"datePublished\": '2020-08-07T17:23:58+00:00',\r\n  \"image\": document.location.origin + \"\/wp-content\/uploads\/2020\/07\/maxcash-title-loans-new-logo-1.png\",\r\n  \"copyrightHolder\": {\r\n                \"@type\": \"CreativeWork\",\r\n                \"name\": \"Tradition Media Group, LLC DBA Max Cash Title Loans\",\r\n                \"image\": document.location.origin + \"\/wp-content\/uploads\/2020\/07\/maxcash-title-loans-new-logo-1.png\"\r\n    },\r\n  \"isFamilyFriendly\": \"Yes\",\r\n  \"inLanguage\": \"English\",\r\n \"publisher\": {\r\n        \"@type\": \"Organization\",\r\n        \"name\": \"Max Cash Title Loans\",\r\n        \"logo\": {\r\n            \"@type\": \"ImageObject\",\r\n            \"name\": \"Max Cash Title Loans Logo\",\r\n            \"width\": \"48\",\r\n            \"height\": \"188\",\r\n            \"url\": document.location.origin + \"\/wp-content\/uploads\/2020\/07\/maxcash-title-loans-new-logo-1.png\"\r\n        }\r\n    },\r\n  \"dateModified\": dateModified,\r\n  \"mainEntityofPage\": {\r\n                \"@type\": \"Website\",\r\n                \"@id\": document.location.origin\r\n  }};\r\n  var script = document.createElement('script');\r\n  script.type = \"application\/ld+json\";\r\n  script.innerHTML = JSON.stringify(data);\r\n  document.getElementsByTagName('head')[0].appendChild(script); \r\n  })(document);\r\n]]><\/script>\r\n<script type=\"application\/ld+json\"><![CDATA[\r\n\t{\r\n\t\t\"@context\": \"https:\/\/schema.org\",\r\n\t\t\"@type\": \"LoanOrCredit\",\r\n\t\t\"name\": \"Tradition Media Group, LLC DBA Max Cash Title Loans\",\r\n\t\t\"brand\": \"Max Cash Title Loans\",\r\n\t\t\"amount\": \"$500-$50000\",\r\n\t\t\"currency\": \"USD\",\r\n\t\t\"areaServed\": [\r\n\t\t\t\"AL\",\r\n\t\t\t\"AK\",\r\n\t\t\t\"AZ\",\r\n\t\t\t\"AR\",\r\n\t\t\t\"CA\",\r\n\t\t\t\"CO\",\r\n\t\t\t\"CT\",\r\n\t\t\t\"DE\",\r\n\t\t\t\"DC\",\r\n\t\t\t\"FL\",\r\n\t\t\t\"GA\",\r\n\t\t\t\"HI\",\r\n\t\t\t\"ID\",\r\n\t\t\t\"IL\",\r\n\t\t\t\"IN\",\r\n\t\t\t\"IA\",\r\n\t\t\t\"KS\",\r\n\t\t\t\"KY\",\r\n\t\t\t\"LA\",\r\n\t\t\t\"ME\",\r\n\t\t\t\"MD\",\r\n\t\t\t\"MA\",\r\n\t\t\t\"MI\",\r\n\t\t\t\"MN\",\r\n\t\t\t\"MS\",\r\n\t\t\t\"MO\",\r\n\t\t\t\"MT\",\r\n\t\t\t\"NE\",\r\n\t\t\t\"NV\",\r\n\t\t\t\"NH\",\r\n\t\t\t\"NJ\",\r\n\t\t\t\"NM\",\r\n\t\t\t\"NC\",\r\n\t\t\t\"ND\",\r\n\t\t\t\"OH\",\r\n\t\t\t\"OH\",\r\n\t\t\t\"OR\",\r\n\t\t\t\"PA\",\r\n\t\t\t\"RI\",\r\n\t\t\t\"SC\",\r\n\t\t\t\"SD\",\r\n\t\t\t\"TN\",\r\n\t\t\t\"TX\",\r\n\t\t\t\"UT\",\r\n\t\t\t\"VT\",\r\n\t\t\t\"VA\",\r\n\t\t\t\"WA\",\r\n\t\t\t\"WV\",\r\n\t\t\t\"WI\",\r\n\t\t\t\"WY\"\r\n\t\t],\r\n\t\t\"availableChannel\": {\r\n\t\t\t\"@type\": \"ServiceChannel\",\r\n\t\t\t\"serviceUrl\": \"http:\/\/maxcashtitleloans.test\/apply-now\/\",\r\n\t\t\t\"servicePhone\": {\r\n\t\t\t\t\"@type\": \"ContactPoint\",\r\n\t\t\t\t\"telephone\": \"+18555615626\"\r\n\t\t\t}\r\n\t\t},\r\n\t\t\"category\": \"Title Loans\",\r\n\t\t\"hoursAvailable\": [\"Mo-Fr 08:00-21:00\", \"Sa 10:00-18:00\", \"Su 11:00-19:00\"],\r\n\t\t\"logo\": \"http:\/\/maxcashtitleloans.test\/wp-content\/uploads\/2020\/10\/updated-logo.png\",\r\n\t\t\"serviceType\": \"Quick Cash\",\r\n\t\t\"sameAs\": [\r\n\t\t\t\"https:\/\/www.facebook.com\/maxcashtitleloans\/\",\r\n\t\t\t\"https:\/\/twitter.com\/mctitleloans\"\r\n\t\t]\r\n\t}\r\n]]><\/script>","protected":false},"excerpt":{"rendered":"<p>Haga clic en un enlace a continuaci\u00f3n para obtener m\u00e1s informaci\u00f3n:<\/p>\n","protected":false},"author":7,"featured_media":0,"parent":0,"menu_order":0,"comment_status":"closed","ping_status":"closed","template":"","meta":{"ub_ctt_via":""},"featured_image_src":null,"yoast_head":"<!-- This site is optimized with the Yoast SEO plugin v15.7 - https:\/\/yoast.com\/wordpress\/plugins\/seo\/ -->\n<title>Educaci\u00f3n sobre pr\u00e9stamos de t\u00edtulo - Max Cash<\/title>\n<meta name=\"description\" content=\"Utilice nuestros recursos en Max Cash Title Loans para ayudarlo a obtener informaci\u00f3n antes de tomar nuestro pr\u00e9stamo. \u00a1Nuestro programa educativo Title Loans est\u00e1 aqu\u00ed para ayudar!\" \/>\n<meta name=\"robots\" content=\"index, follow, max-snippet:-1, max-image-preview:large, max-video-preview:-1\" \/>\n<link rel=\"canonical\" href=\"https:\/\/staging.dev02.maxcashtitleloans.com\/es\/educacion-sobre-prestamos-de-titulo\/\" \/>\n<meta property=\"og:locale\" content=\"es_ES\" \/>\n<meta property=\"og:type\" content=\"article\" \/>\n<meta property=\"og:title\" content=\"Educaci\u00f3n sobre pr\u00e9stamos de t\u00edtulo - Max Cash\" \/>\n<meta property=\"og:description\" content=\"Utilice nuestros recursos en Max Cash Title Loans para ayudarlo a obtener informaci\u00f3n antes de tomar nuestro pr\u00e9stamo. \u00a1Nuestro programa educativo Title Loans est\u00e1 aqu\u00ed para ayudar!\" \/>\n<meta property=\"og:url\" content=\"https:\/\/staging.dev02.maxcashtitleloans.com\/es\/educacion-sobre-prestamos-de-titulo\/\" \/>\n<meta property=\"og:site_name\" content=\"Max Cash\" \/>\n<meta property=\"article:publisher\" content=\"https:\/\/www.facebook.com\/maxcashtitleloans\/\" \/>\n<meta property=\"article:modified_time\" content=\"2021-02-26T13:46:03+00:00\" \/>\n<script type=\"application\/ld+json\" class=\"yoast-schema-graph\">{\"@context\":\"https:\/\/schema.org\",\"@graph\":[{\"@type\":\"Organization\",\"@id\":\"https:\/\/www.maxcashtitleloans.com\/#organization\",\"name\":\"Tradition Media Group, LLC DBA Max Cash Title Loans\",\"url\":\"https:\/\/www.maxcashtitleloans.com\/\",\"sameAs\":[\"https:\/\/www.facebook.com\/maxcashtitleloans\/\",\"https:\/\/twitter.com\/mctitleloans\"],\"logo\":{\"@type\":\"ImageObject\",\"@id\":\"https:\/\/www.maxcashtitleloans.com\/#logo\",\"inLanguage\":\"es\",\"url\":\"https:\/\/staging.dev02.maxcashtitleloans.com\/wp-content\/uploads\/2020\/10\/updated-logo.png\",\"width\":226,\"height\":70,\"caption\":\"Tradition Media Group, LLC DBA Max Cash Title Loans\"},\"image\":{\"@id\":\"https:\/\/www.maxcashtitleloans.com\/#logo\"}},{\"@type\":\"WebSite\",\"@id\":\"https:\/\/www.maxcashtitleloans.com\/#website\",\"url\":\"https:\/\/www.maxcashtitleloans.com\/\",\"name\":\"Max Cash\",\"description\":\"\",\"publisher\":{\"@id\":\"https:\/\/www.maxcashtitleloans.com\/#organization\"},\"potentialAction\":[{\"@type\":\"SearchAction\",\"target\":\"https:\/\/www.maxcashtitleloans.com\/?s={search_term_string}\",\"query-input\":\"required name=search_term_string\"}],\"inLanguage\":\"es\"},{\"@type\":\"WebPage\",\"@id\":\"https:\/\/staging.dev02.maxcashtitleloans.com\/es\/educacion-sobre-prestamos-de-titulo\/#webpage\",\"url\":\"https:\/\/staging.dev02.maxcashtitleloans.com\/es\/educacion-sobre-prestamos-de-titulo\/\",\"name\":\"Educaci\\u00f3n sobre pr\\u00e9stamos de t\\u00edtulo - Max Cash\",\"isPartOf\":{\"@id\":\"https:\/\/www.maxcashtitleloans.com\/#website\"},\"datePublished\":\"2021-02-26T13:46:02+00:00\",\"dateModified\":\"2021-02-26T13:46:03+00:00\",\"description\":\"Utilice nuestros recursos en Max Cash Title Loans para ayudarlo a obtener informaci\\u00f3n antes de tomar nuestro pr\\u00e9stamo. \\u00a1Nuestro programa educativo Title Loans est\\u00e1 aqu\\u00ed para ayudar!\",\"breadcrumb\":{\"@id\":\"https:\/\/staging.dev02.maxcashtitleloans.com\/es\/educacion-sobre-prestamos-de-titulo\/#breadcrumb\"},\"inLanguage\":\"es\",\"potentialAction\":[{\"@type\":\"ReadAction\",\"target\":[\"https:\/\/staging.dev02.maxcashtitleloans.com\/es\/educacion-sobre-prestamos-de-titulo\/\"]}]},{\"@type\":\"BreadcrumbList\",\"@id\":\"https:\/\/staging.dev02.maxcashtitleloans.com\/es\/educacion-sobre-prestamos-de-titulo\/#breadcrumb\",\"itemListElement\":[{\"@type\":\"ListItem\",\"position\":1,\"item\":{\"@type\":\"WebPage\",\"@id\":\"https:\/\/www.maxcashtitleloans.com\/es\/\",\"url\":\"https:\/\/www.maxcashtitleloans.com\/es\/\",\"name\":\"Home\"}},{\"@type\":\"ListItem\",\"position\":2,\"item\":{\"@type\":\"WebPage\",\"@id\":\"https:\/\/staging.dev02.maxcashtitleloans.com\/es\/educacion-sobre-prestamos-de-titulo\/\",\"url\":\"https:\/\/staging.dev02.maxcashtitleloans.com\/es\/educacion-sobre-prestamos-de-titulo\/\",\"name\":\"Educaci\\u00f3n sobre pr\\u00e9stamos de t\\u00edtulo\"}}]}]}<\/script>\n<!-- \/ Yoast SEO plugin. -->","_links":{"self":[{"href":"https:\/\/staging.dev02.maxcashtitleloans.com\/es\/wp-json\/wp\/v2\/pages\/35670"}],"collection":[{"href":"https:\/\/staging.dev02.maxcashtitleloans.com\/es\/wp-json\/wp\/v2\/pages"}],"about":[{"href":"https:\/\/staging.dev02.maxcashtitleloans.com\/es\/wp-json\/wp\/v2\/types\/page"}],"author":[{"embeddable":true,"href":"https:\/\/staging.dev02.maxcashtitleloans.com\/es\/wp-json\/wp\/v2\/users\/7"}],"replies":[{"embeddable":true,"href":"https:\/\/staging.dev02.maxcashtitleloans.com\/es\/wp-json\/wp\/v2\/comments?post=35670"}],"version-history":[{"count":1,"href":"https:\/\/staging.dev02.maxcashtitleloans.com\/es\/wp-json\/wp\/v2\/pages\/35670\/revisions"}],"predecessor-version":[{"id":35671,"href":"https:\/\/staging.dev02.maxcashtitleloans.com\/es\/wp-json\/wp\/v2\/pages\/35670\/revisions\/35671"}],"wp:attachment":[{"href":"https:\/\/staging.dev02.maxcashtitleloans.com\/es\/wp-json\/wp\/v2\/media?parent=35670"}],"curies":[{"name":"wp","href":"https:\/\/api.w.org\/{rel}","templated":true}]}}